{"id":31,"date":"2023-08-24T13:15:22","date_gmt":"2023-08-24T13:15:22","guid":{"rendered":"https:\/\/ba-heisterkamp.de\/?page_id=31"},"modified":"2026-03-13T17:41:08","modified_gmt":"2026-03-13T17:41:08","slug":"dienstleistungen","status":"publish","type":"page","link":"https:\/\/ba-heisterkamp.de\/index.php\/dienstleistungen\/","title":{"rendered":"Dienstleistungen"},"content":{"rendered":"\n<h2 class=\"wp-block-heading\"><strong>Baumf\u00e4llungen<\/strong><\/h2>\n\n\n\n<p>Wenn Sie einen Baum haben, der Ihnen zu viel Dreck macht oder einfach nicht mehr in Ihren Garten passt, weil Sie ihn satt haben, oder vielleicht sogar einen Baum haben, der zu umzust\u00fcrzen und dadurch etwas zu besch\u00e4digen droht, dann sind Sie bei uns an der richtigen Adresse. Ob normale F\u00e4llungen oder Spezialf\u00e4llungen, wir machen alles.<\/p>\n\n\n\n<h2 class=\"wp-block-heading\"><strong>Baumpflege<\/strong><\/h2>\n\n\n\n<p>Vielleicht lieben Sie aber auch Ihren Baum und m\u00f6chten alles daf\u00fcr tun, dass er noch lange und gesund lebt. Wir helfen Ihnen gerne dabei und pflegen Ihren Baum so, dass er im n\u00e4chsten Jahr neue Triebe bekommt und wieder sch\u00f6n bl\u00fcht.<\/p>\n\n\n\n<h2 class=\"wp-block-heading\"><strong><strong>Beseitigung von Sturmsch\u00e4den<\/strong><\/strong><\/h2>\n\n\n\n<p>Bei St\u00fcrmen kommt es immer wieder vor, dass \u00c4ste abbrechen oder B\u00e4ume umst\u00fcrzen. Wenn Ihnen das passiert ist, schreiben Sie uns eine E-Mail oder rufen Sie uns an.<\/p>\n\n\n\n<h2 class=\"wp-block-heading\"><strong><strong>Brennholzverkauf<\/strong><\/strong><\/h2>\n\n\n\n<p>Wenn Sie auf der Suche nach Brennholz f\u00fcr Ihren Kamin oder Ihr Lagerfeuer sind, helfen wir Ihnen gerne weiter und liefern Ihnen immer das beste Holz zu einem guten Preis. Weitere Informationen finden Sie im Shop. Dort finden Sie auch Zubeh\u00f6r wie Anz\u00fcndholz oder Holzwollanz\u00fcnder.<\/p>\n\n\n\n<h2 class=\"wp-block-heading\"><strong><strong>Gartenpflege<\/strong><\/strong><\/h2>\n\n\n\n<p>Unser professioneller Gartenpflege-Service sorgt daf\u00fcr, dass Ihr Garten stets gepflegt und einladend aussieht. Ob regelm\u00e4\u00dfiges Rasenm\u00e4hen, fachgerechte Gr\u00fcnpflege oder das Zur\u00fcckschneiden von Hecken und Str\u00e4uchern \u2013 wir \u00fcbernehmen alle anfallenden Arbeiten f\u00fcr Sie. Mit unserer Erfahrung und Sorgfalt halten wir Ihre Au\u00dfenanlagen in einem optimalen Zustand, damit Sie sich entspannt zur\u00fccklehnen und die Natur genie\u00dfen k\u00f6nnen. Lassen Sie sich von unserem zuverl\u00e4ssigen Service \u00fcberzeugen!<\/p>\n\n\n\n<h2 class=\"wp-block-heading\"><strong><strong>Preise<\/strong><\/strong><\/h2>\n\n\n\n<p>Die Preise variieren je nach Baum oder SRM Holz. Um den genauen Preis zu erfahren, kontaktieren Sie uns einfach per E-Mail oder rufen Sie uns direkt an.<\/p>\n","protected":false},"excerpt":{"rendered":"<p>Baumf\u00e4llungen Wenn Sie einen Baum haben, der Ihnen zu viel Dreck macht oder einfach nicht mehr in Ihren Garten passt, weil Sie ihn satt haben, oder vielleicht sogar einen Baum haben, der zu umzust\u00fcrzen und dadurch etwas zu besch\u00e4digen droht, dann sind Sie bei uns an der richtigen Adresse. Ob normale F\u00e4llungen oder Spezialf\u00e4llungen, wir &hellip; <\/p>\n<p class=\"link-more\"><a href=\"https:\/\/ba-heisterkamp.de\/index.php\/dienstleistungen\/\" class=\"more-link\">Mehr <span class=\"screen-reader-text\">\u00fcber &#8222;Dienstleistungen&#8220; <\/span>Lesen<\/a><\/p>\n","protected":false},"author":2,"featured_media":0,"parent":0,"menu_order":0,"comment_status":"closed","ping_status":"closed","template":"","meta":{"inspiro_hide_title":false,"footnotes":""},"class_list":["post-31","page","type-page","status-publish","hentry"],"jetpack_sharing_enabled":true,"_links":{"self":[{"href":"https:\/\/ba-heisterkamp.de\/index.php\/wp-json\/wp\/v2\/pages\/31","targetHints":{"allow":["GET"]}}],"collection":[{"href":"https:\/\/ba-heisterkamp.de\/index.php\/wp-json\/wp\/v2\/pages"}],"about":[{"href":"https:\/\/ba-heisterkamp.de\/index.php\/wp-json\/wp\/v2\/types\/page"}],"author":[{"embeddable":true,"href":"https:\/\/ba-heisterkamp.de\/index.php\/wp-json\/wp\/v2\/users\/2"}],"replies":[{"embeddable":true,"href":"https:\/\/ba-heisterkamp.de\/index.php\/wp-json\/wp\/v2\/comments?post=31"}],"version-history":[{"count":8,"href":"https:\/\/ba-heisterkamp.de\/index.php\/wp-json\/wp\/v2\/pages\/31\/revisions"}],"predecessor-version":[{"id":462,"href":"https:\/\/ba-heisterkamp.de\/index.php\/wp-json\/wp\/v2\/pages\/31\/revisions\/462"}],"wp:attachment":[{"href":"https:\/\/ba-heisterkamp.de\/index.php\/wp-json\/wp\/v2\/media?parent=31"}],"curies":[{"name":"wp","href":"https:\/\/api.w.org\/{rel}","templated":true}]}}