{"id":7,"date":"2023-08-24T12:50:42","date_gmt":"2023-08-24T12:50:42","guid":{"rendered":"https:\/\/ba-heisterkamp.de\/?page_id=7"},"modified":"2025-05-24T14:19:29","modified_gmt":"2025-05-24T14:19:29","slug":"schoene-portfolios-fuer-aussergewoehnliche-kreative","status":"publish","type":"page","link":"https:\/\/ba-heisterkamp.de\/","title":{"rendered":"Willkommen auf unserer Webseite der Firma Baumarbeit Heisterkamp!"},"content":{"rendered":"\n<div class=\"wp-block-group alignfull has-background is-layout-flow wp-block-group-is-layout-flow\" style=\"background-color:#e5e9ec\">\n<div class=\"wp-block-columns is-layout-flex wp-container-core-columns-is-layout-28f84493 wp-block-columns-is-layout-flex\">\n<div class=\"wp-block-column is-vertically-aligned-center is-layout-flow wp-block-column-is-layout-flow\" style=\"padding-right:40px;padding-left:40px\">\n<h2 class=\"wp-block-heading\">Information<\/h2>\n\n\n\n<p>Sie werden auf der Internetseite \u00fcber die Dienstleistungen informiert, die Baumarbeit Heisterkamp anbietet. Dazu geh\u00f6ren die Baumpflege und -f\u00e4llung sowie die Sturmsch\u00e4den-Beseitigung, H\u00e4ckselarbeiten, Brennholzverkauf und Gartenpflege.<\/p>\n\n\n\n<div class=\"wp-block-buttons is-horizontal is-content-justification-left is-layout-flex wp-container-core-buttons-is-layout-20be11b6 wp-block-buttons-is-layout-flex\">\n<div class=\"wp-block-button is-style-outline is-style-outline--1\"><a class=\"wp-block-button__link wp-element-button\" href=\"\/index.php\/ueber-uns\">\u00dcber UNS<\/a><\/div>\n<\/div>\n\n\n\n<p><\/p>\n<\/div>\n\n\n\n<div class=\"wp-block-column is-layout-flow wp-block-column-is-layout-flow\">\n<div style=\"height:48px\" aria-hidden=\"true\" class=\"wp-block-spacer\"><\/div>\n\n\n\n<figure class=\"wp-block-image size-large\"><img loading=\"lazy\" decoding=\"async\" width=\"1024\" height=\"574\" src=\"https:\/\/ba-heisterkamp.de\/wp-content\/uploads\/2023\/08\/Gebuesch-1024x574.jpg\" alt=\"\" class=\"wp-image-126\" srcset=\"https:\/\/ba-heisterkamp.de\/wp-content\/uploads\/2023\/08\/Gebuesch-1024x574.jpg 1024w, https:\/\/ba-heisterkamp.de\/wp-content\/uploads\/2023\/08\/Gebuesch-300x168.jpg 300w, https:\/\/ba-heisterkamp.de\/wp-content\/uploads\/2023\/08\/Gebuesch-768x431.jpg 768w, https:\/\/ba-heisterkamp.de\/wp-content\/uploads\/2023\/08\/Gebuesch-1536x861.jpg 1536w, https:\/\/ba-heisterkamp.de\/wp-content\/uploads\/2023\/08\/Gebuesch-2048x1148.jpg 2048w, https:\/\/ba-heisterkamp.de\/wp-content\/uploads\/2023\/08\/Gebuesch-2000x1122.jpg 2000w\" sizes=\"auto, (max-width: 1024px) 100vw, 1024px\" \/><\/figure>\n<\/div>\n<\/div>\n<\/div>\n\n\n\n<div class=\"wp-block-group alignfull has-black-background-color has-background is-layout-flow wp-block-group-is-layout-flow\">\n<figure class=\"wp-block-gallery aligncenter has-nested-images columns-default is-cropped wp-block-gallery-2 is-layout-flex wp-block-gallery-is-layout-flex\">\n<figure class=\"wp-block-image size-large\"><img loading=\"lazy\" decoding=\"async\" width=\"1024\" height=\"768\" data-id=\"20\" src=\"https:\/\/ba-heisterkamp.de\/wp-content\/uploads\/2023\/08\/picture-1600-1024x768.jpg\" alt=\"\" class=\"wp-image-20\" srcset=\"https:\/\/ba-heisterkamp.de\/wp-content\/uploads\/2023\/08\/picture-1600-1024x768.jpg 1024w, https:\/\/ba-heisterkamp.de\/wp-content\/uploads\/2023\/08\/picture-1600-300x225.jpg 300w, https:\/\/ba-heisterkamp.de\/wp-content\/uploads\/2023\/08\/picture-1600-768x576.jpg 768w, https:\/\/ba-heisterkamp.de\/wp-content\/uploads\/2023\/08\/picture-1600-1536x1152.jpg 1536w, https:\/\/ba-heisterkamp.de\/wp-content\/uploads\/2023\/08\/picture-1600.jpg 1600w\" sizes=\"auto, (max-width: 1024px) 100vw, 1024px\" \/><\/figure>\n\n\n\n<figure class=\"wp-block-image size-large\"><img loading=\"lazy\" decoding=\"async\" width=\"1024\" height=\"768\" data-id=\"104\" src=\"https:\/\/ba-heisterkamp.de\/wp-content\/uploads\/2023\/08\/Defender-BAH-1024x768.jpg\" alt=\"\" class=\"wp-image-104\" srcset=\"https:\/\/ba-heisterkamp.de\/wp-content\/uploads\/2023\/08\/Defender-BAH-1024x768.jpg 1024w, https:\/\/ba-heisterkamp.de\/wp-content\/uploads\/2023\/08\/Defender-BAH-300x225.jpg 300w, https:\/\/ba-heisterkamp.de\/wp-content\/uploads\/2023\/08\/Defender-BAH-768x576.jpg 768w, https:\/\/ba-heisterkamp.de\/wp-content\/uploads\/2023\/08\/Defender-BAH-1536x1152.jpg 1536w, https:\/\/ba-heisterkamp.de\/wp-content\/uploads\/2023\/08\/Defender-BAH.jpg 1600w\" sizes=\"auto, (max-width: 1024px) 100vw, 1024px\" \/><\/figure>\n<\/figure>\n<\/div>\n\n\n\n<div class=\"wp-block-cover alignfull has-parallax is-position-center-center\" style=\"min-height:375px;aspect-ratio:unset;\"><div class=\"wp-block-cover__image-background wp-image-167 has-parallax\" style=\"background-position:50% 50%;background-image:url(https:\/\/ba-heisterkamp.de\/wp-content\/uploads\/2023\/11\/Wald_Basteibruecke_2000.jpg)\"><\/div><span aria-hidden=\"true\" class=\"wp-block-cover__background has-black-background-color has-background-dim-40 has-background-dim\"><\/span><div class=\"wp-block-cover__inner-container is-layout-flow wp-block-cover-is-layout-flow\">\n<p class=\"has-text-align-center has-text-color has-huge-font-size\" style=\"color:#fffffa;line-height:1.1\"><strong>Kontaktieren Sie uns<\/strong><\/p>\n\n\n\n<p class=\"has-text-align-center\"><\/p>\n\n\n\n<div style=\"height:39px\" aria-hidden=\"true\" class=\"wp-block-spacer\"><\/div>\n\n\n\n<div class=\"wp-block-buttons is-horizontal is-content-justification-center is-layout-flex wp-container-core-buttons-is-layout-03627597 wp-block-buttons-is-layout-flex\">\n<div class=\"wp-block-button is-style-outline is-style-outline--3\"><a class=\"wp-block-button__link has-white-color has-text-color wp-element-button\" href=\"mailto:info@baumarbeit-heisterkamp.de\">EMAIL SENDEN<\/a><\/div>\n<\/div>\n<\/div><\/div>\n","protected":false},"excerpt":{"rendered":"<p>Information Sie werden auf der Internetseite \u00fcber die Dienstleistungen informiert, die Baumarbeit Heisterkamp anbietet. Dazu geh\u00f6ren die Baumpflege und -f\u00e4llung sowie die Sturmsch\u00e4den-Beseitigung, H\u00e4ckselarbeiten, Brennholzverkauf und Gartenpflege.<\/p>\n","protected":false},"author":2,"featured_media":6,"parent":0,"menu_order":0,"comment_status":"closed","ping_status":"closed","template":"","meta":{"inspiro_hide_title":false,"footnotes":""},"class_list":["post-7","page","type-page","status-publish","has-post-thumbnail","hentry"],"jetpack_sharing_enabled":true,"_links":{"self":[{"href":"https:\/\/ba-heisterkamp.de\/index.php\/wp-json\/wp\/v2\/pages\/7","targetHints":{"allow":["GET"]}}],"collection":[{"href":"https:\/\/ba-heisterkamp.de\/index.php\/wp-json\/wp\/v2\/pages"}],"about":[{"href":"https:\/\/ba-heisterkamp.de\/index.php\/wp-json\/wp\/v2\/types\/page"}],"author":[{"embeddable":true,"href":"https:\/\/ba-heisterkamp.de\/index.php\/wp-json\/wp\/v2\/users\/2"}],"replies":[{"embeddable":true,"href":"https:\/\/ba-heisterkamp.de\/index.php\/wp-json\/wp\/v2\/comments?post=7"}],"version-history":[{"count":27,"href":"https:\/\/ba-heisterkamp.de\/index.php\/wp-json\/wp\/v2\/pages\/7\/revisions"}],"predecessor-version":[{"id":290,"href":"https:\/\/ba-heisterkamp.de\/index.php\/wp-json\/wp\/v2\/pages\/7\/revisions\/290"}],"wp:featuredmedia":[{"embeddable":true,"href":"https:\/\/ba-heisterkamp.de\/index.php\/wp-json\/wp\/v2\/media\/6"}],"wp:attachment":[{"href":"https:\/\/ba-heisterkamp.de\/index.php\/wp-json\/wp\/v2\/media?parent=7"}],"curies":[{"name":"wp","href":"https:\/\/api.w.org\/{rel}","templated":true}]}}