{"id":75,"date":"2023-08-24T13:52:48","date_gmt":"2023-08-24T13:52:48","guid":{"rendered":"https:\/\/ba-heisterkamp.de\/?page_id=75"},"modified":"2024-05-02T20:25:07","modified_gmt":"2024-05-02T20:25:07","slug":"ueber-uns","status":"publish","type":"page","link":"https:\/\/ba-heisterkamp.de\/index.php\/ueber-uns\/","title":{"rendered":"\u00dcber uns"},"content":{"rendered":"\n<h2 class=\"wp-block-heading\"><strong>Das Unternehmen<\/strong><\/h2>\n\n\n\n<p>Im Jahr 2016 habe ich als Inhaber bereits ein Gewerbe f\u00fcr den Verkauf von Brennholz angemeldet, welches wir im Jahr 2020 um die Baumpflege und auch die F\u00e4llung erweitert haben. Wenn wir Ihnen helfen k\u00f6nnen, kontaktieren Sie uns einfach \u00fcber den Reiter links auf der Seite \u201eKontakt\u201c.<\/p>\n\n\n\n<h2 class=\"wp-block-heading\"><strong>Maschinen<\/strong><\/h2>\n\n\n\n<p>Das Unternehmen Baumarbeit Heisterkamp arbeitet ausschlie\u00dflich mit Kettens\u00e4gen von Stihl; des weiteren wird Zubeh\u00f6r der Firma Ochsenkopf und Fiskars verwendet.<\/p>\n","protected":false},"excerpt":{"rendered":"<p>Das Unternehmen Im Jahr 2016 habe ich als Inhaber bereits ein Gewerbe f\u00fcr den Verkauf von Brennholz angemeldet, welches wir im Jahr 2020 um die Baumpflege und auch die F\u00e4llung erweitert haben. Wenn wir Ihnen helfen k\u00f6nnen, kontaktieren Sie uns einfach \u00fcber den Reiter links auf der Seite \u201eKontakt\u201c. Maschinen Das Unternehmen Baumarbeit Heisterkamp arbeitet &hellip; <\/p>\n<p class=\"link-more\"><a href=\"https:\/\/ba-heisterkamp.de\/index.php\/ueber-uns\/\" class=\"more-link\">Mehr <span class=\"screen-reader-text\">\u00fcber &#8222;\u00dcber uns&#8220; <\/span>Lesen<\/a><\/p>\n","protected":false},"author":2,"featured_media":0,"parent":0,"menu_order":0,"comment_status":"closed","ping_status":"closed","template":"","meta":{"inspiro_hide_title":false,"footnotes":""},"class_list":["post-75","page","type-page","status-publish","hentry"],"jetpack_sharing_enabled":true,"_links":{"self":[{"href":"https:\/\/ba-heisterkamp.de\/index.php\/wp-json\/wp\/v2\/pages\/75","targetHints":{"allow":["GET"]}}],"collection":[{"href":"https:\/\/ba-heisterkamp.de\/index.php\/wp-json\/wp\/v2\/pages"}],"about":[{"href":"https:\/\/ba-heisterkamp.de\/index.php\/wp-json\/wp\/v2\/types\/page"}],"author":[{"embeddable":true,"href":"https:\/\/ba-heisterkamp.de\/index.php\/wp-json\/wp\/v2\/users\/2"}],"replies":[{"embeddable":true,"href":"https:\/\/ba-heisterkamp.de\/index.php\/wp-json\/wp\/v2\/comments?post=75"}],"version-history":[{"count":5,"href":"https:\/\/ba-heisterkamp.de\/index.php\/wp-json\/wp\/v2\/pages\/75\/revisions"}],"predecessor-version":[{"id":188,"href":"https:\/\/ba-heisterkamp.de\/index.php\/wp-json\/wp\/v2\/pages\/75\/revisions\/188"}],"wp:attachment":[{"href":"https:\/\/ba-heisterkamp.de\/index.php\/wp-json\/wp\/v2\/media?parent=75"}],"curies":[{"name":"wp","href":"https:\/\/api.w.org\/{rel}","templated":true}]}}